{"id":582,"date":"2018-07-31T00:22:55","date_gmt":"2018-07-31T00:22:55","guid":{"rendered":"http:\/\/127.0.0.1:8000\/home\/"},"modified":"2025-06-13T11:08:45","modified_gmt":"2025-06-13T15:08:45","slug":"acceuil","status":"publish","type":"page","link":"https:\/\/pyr-design.com\/fr\/","title":{"rendered":"Page D&#8217;Accueil"},"content":{"rendered":"","protected":false},"excerpt":{"rendered":"<p>The Art of Luxury Hospitality.<\/p>\n","protected":false},"author":1,"featured_media":0,"parent":0,"menu_order":0,"comment_status":"closed","ping_status":"closed","template":"","meta":{"_acf_changed":false,"footnotes":""},"class_list":["post-582","page","type-page","status-publish","hentry"],"acf":{"body":[{"acf_fc_layout":"hero","slides":[{"project":false,"project_name":"","location":"","url":false,"media_type":"video","image":{"ID":4157,"id":4157,"title":"WANY-Website-Carousel-1400x788","filename":"WANY-Website-Carousel-1400x788-1.jpg","filesize":628286,"url":"https:\/\/pyr-design.com\/wp-content\/uploads\/2025\/05\/WANY-Website-Carousel-1400x788-1.jpg","link":"https:\/\/pyr-design.com\/fr\/acceuil\/wany-website-carousel-1400x788\/","alt":"","author":"20","description":"","caption":"","name":"wany-website-carousel-1400x788","status":"inherit","uploaded_to":582,"date":"2025-05-23 12:49:36","modified":"2025-05-23 12:49:57","menu_order":0,"mime_type":"image\/jpeg","type":"image","subtype":"jpeg","icon":"https:\/\/pyr-design.com\/wp-includes\/images\/media\/default.png","width":2880,"height":1642,"sizes":{"thumbnail":"https:\/\/pyr-design.com\/wp-content\/uploads\/2025\/05\/WANY-Website-Carousel-1400x788-1-150x150.jpg","thumbnail-width":150,"thumbnail-height":150,"medium":"https:\/\/pyr-design.com\/wp-content\/uploads\/2025\/05\/WANY-Website-Carousel-1400x788-1-1400x798.jpg","medium-width":1400,"medium-height":798,"medium_large":"https:\/\/pyr-design.com\/wp-content\/uploads\/2025\/05\/WANY-Website-Carousel-1400x788-1-768x438.jpg","medium_large-width":768,"medium_large-height":438,"large":"https:\/\/pyr-design.com\/wp-content\/uploads\/2025\/05\/WANY-Website-Carousel-1400x788-1-1700x969.jpg","large-width":1700,"large-height":969,"1536x1536":"https:\/\/pyr-design.com\/wp-content\/uploads\/2025\/05\/WANY-Website-Carousel-1400x788-1-1536x876.jpg","1536x1536-width":1536,"1536x1536-height":876,"2048x2048":"https:\/\/pyr-design.com\/wp-content\/uploads\/2025\/05\/WANY-Website-Carousel-1400x788-1-2048x1167.jpg","2048x2048-width":2048,"2048x2048-height":1167,"gform-image-choice-sm":"https:\/\/pyr-design.com\/wp-content\/uploads\/2025\/05\/WANY-Website-Carousel-1400x788-1.jpg","gform-image-choice-sm-width":300,"gform-image-choice-sm-height":171,"gform-image-choice-md":"https:\/\/pyr-design.com\/wp-content\/uploads\/2025\/05\/WANY-Website-Carousel-1400x788-1.jpg","gform-image-choice-md-width":400,"gform-image-choice-md-height":228,"gform-image-choice-lg":"https:\/\/pyr-design.com\/wp-content\/uploads\/2025\/05\/WANY-Website-Carousel-1400x788-1.jpg","gform-image-choice-lg-width":600,"gform-image-choice-lg-height":342}},"mobile_image":false,"mobile_image_position":"center center","video_file":{"ID":4389,"id":4389,"title":"PYR_Carousel_Video (2)","filename":"PYR_Carousel_Video-2.mp4","filesize":33216156,"url":"https:\/\/pyr-design.com\/wp-content\/uploads\/2025\/06\/PYR_Carousel_Video-2.mp4","link":"https:\/\/pyr-design.com\/fr\/acceuil\/pyr_carousel_video-2-2\/","alt":"","author":"20","description":"","caption":"","name":"pyr_carousel_video-2-2","status":"inherit","uploaded_to":582,"date":"2025-06-11 10:26:09","modified":"2025-06-11 10:26:09","menu_order":0,"mime_type":"video\/mp4","type":"video","subtype":"mp4","icon":"https:\/\/pyr-design.com\/wp-includes\/images\/media\/video.png","width":1280,"height":720}}],"button_text":"Voir Plus"}]},"yoast_head":"<!-- This site is optimized with the Yoast SEO plugin v26.8 - https:\/\/yoast.com\/product\/yoast-seo-wordpress\/ -->\n<title>Page D&#039;Accueil - Pierre-Yves Rochon<\/title>\n<meta name=\"description\" content=\"Le design PYR se distingue par la cr\u00e9ation d\u2019ambiances raffin\u00e9es et confortables, \u00e9l\u00e9gantes et chaudes, dans un esprit intemporel qui s\u2019int\u00e8grent \u00e0 la culture moderne en constante \u00e9volution.\" \/>\n<meta name=\"robots\" content=\"index, follow, max-snippet:-1, max-image-preview:large, max-video-preview:-1\" \/>\n<link rel=\"canonical\" href=\"https:\/\/pyr-design.com\/fr\/\" \/>\n<meta property=\"og:locale\" content=\"fr_FR\" \/>\n<meta property=\"og:type\" content=\"article\" \/>\n<meta property=\"og:title\" content=\"Page D&#039;Accueil - Pierre-Yves Rochon\" \/>\n<meta property=\"og:description\" content=\"Le design PYR se distingue par la cr\u00e9ation d\u2019ambiances raffin\u00e9es et confortables, \u00e9l\u00e9gantes et chaudes, dans un esprit intemporel qui s\u2019int\u00e8grent \u00e0 la culture moderne en constante \u00e9volution.\" \/>\n<meta property=\"og:url\" content=\"https:\/\/pyr-design.com\/fr\/\" \/>\n<meta property=\"og:site_name\" content=\"Pierre-Yves Rochon\" \/>\n<meta property=\"article:publisher\" content=\"https:\/\/www.facebook.com\/PYRdesignluxury\/\" \/>\n<meta property=\"article:modified_time\" content=\"2025-06-13T15:08:45+00:00\" \/>\n<meta name=\"twitter:card\" content=\"summary_large_image\" \/>\n<script type=\"application\/ld+json\" class=\"yoast-schema-graph\">{\"@context\":\"https:\/\/schema.org\",\"@graph\":[{\"@type\":\"WebPage\",\"@id\":\"https:\/\/pyr-design.com\/fr\/\",\"url\":\"https:\/\/pyr-design.com\/fr\/\",\"name\":\"Page D'Accueil - Pierre-Yves Rochon\",\"isPartOf\":{\"@id\":\"https:\/\/pyr-design.com\/en\/#website\"},\"datePublished\":\"2018-07-31T00:22:55+00:00\",\"dateModified\":\"2025-06-13T15:08:45+00:00\",\"description\":\"Le design PYR se distingue par la cr\u00e9ation d\u2019ambiances raffin\u00e9es et confortables, \u00e9l\u00e9gantes et chaudes, dans un esprit intemporel qui s\u2019int\u00e8grent \u00e0 la culture moderne en constante \u00e9volution.\",\"breadcrumb\":{\"@id\":\"https:\/\/pyr-design.com\/fr\/#breadcrumb\"},\"inLanguage\":\"fr-FR\",\"potentialAction\":[{\"@type\":\"ReadAction\",\"target\":[\"https:\/\/pyr-design.com\/fr\/\"]}]},{\"@type\":\"BreadcrumbList\",\"@id\":\"https:\/\/pyr-design.com\/fr\/#breadcrumb\",\"itemListElement\":[{\"@type\":\"ListItem\",\"position\":1,\"name\":\"Home\",\"item\":\"https:\/\/pyr-design.com\/fr\/\"},{\"@type\":\"ListItem\",\"position\":2,\"name\":\"Page D&#8217;Accueil\"}]},{\"@type\":\"WebSite\",\"@id\":\"https:\/\/pyr-design.com\/en\/#website\",\"url\":\"https:\/\/pyr-design.com\/en\/\",\"name\":\"Pierre-Yves Rochon\",\"description\":\"\",\"publisher\":{\"@id\":\"https:\/\/pyr-design.com\/en\/#organization\"},\"potentialAction\":[{\"@type\":\"SearchAction\",\"target\":{\"@type\":\"EntryPoint\",\"urlTemplate\":\"https:\/\/pyr-design.com\/en\/?s={search_term_string}\"},\"query-input\":{\"@type\":\"PropertyValueSpecification\",\"valueRequired\":true,\"valueName\":\"search_term_string\"}}],\"inLanguage\":\"fr-FR\"},{\"@type\":\"Organization\",\"@id\":\"https:\/\/pyr-design.com\/en\/#organization\",\"name\":\"Pierre-Yves Rochon\",\"url\":\"https:\/\/pyr-design.com\/en\/\",\"logo\":{\"@type\":\"ImageObject\",\"inLanguage\":\"fr-FR\",\"@id\":\"https:\/\/pyr-design.com\/en\/#\/schema\/logo\/image\/\",\"url\":\"https:\/\/staging.pyr-design.com\/wp-content\/uploads\/2018\/12\/Jade1.jpg\",\"contentUrl\":\"https:\/\/staging.pyr-design.com\/wp-content\/uploads\/2018\/12\/Jade1.jpg\",\"width\":1000,\"height\":667,\"caption\":\"Pierre-Yves Rochon\"},\"image\":{\"@id\":\"https:\/\/pyr-design.com\/en\/#\/schema\/logo\/image\/\"},\"sameAs\":[\"https:\/\/www.facebook.com\/PYRdesignluxury\/\",\"https:\/\/www.instagram.com\/pyrdesign\/\",\"https:\/\/www.linkedin.com\/company\/pierre-yves-rochon\/\"]}]}<\/script>\n<!-- \/ Yoast SEO plugin. -->","yoast_head_json":{"title":"Page D'Accueil - Pierre-Yves Rochon","description":"Le design PYR se distingue par la cr\u00e9ation d\u2019ambiances raffin\u00e9es et confortables, \u00e9l\u00e9gantes et chaudes, dans un esprit intemporel qui s\u2019int\u00e8grent \u00e0 la culture moderne en constante \u00e9volution.","robots":{"index":"index","follow":"follow","max-snippet":"max-snippet:-1","max-image-preview":"max-image-preview:large","max-video-preview":"max-video-preview:-1"},"canonical":"https:\/\/pyr-design.com\/fr\/","og_locale":"fr_FR","og_type":"article","og_title":"Page D'Accueil - Pierre-Yves Rochon","og_description":"Le design PYR se distingue par la cr\u00e9ation d\u2019ambiances raffin\u00e9es et confortables, \u00e9l\u00e9gantes et chaudes, dans un esprit intemporel qui s\u2019int\u00e8grent \u00e0 la culture moderne en constante \u00e9volution.","og_url":"https:\/\/pyr-design.com\/fr\/","og_site_name":"Pierre-Yves Rochon","article_publisher":"https:\/\/www.facebook.com\/PYRdesignluxury\/","article_modified_time":"2025-06-13T15:08:45+00:00","twitter_card":"summary_large_image","schema":{"@context":"https:\/\/schema.org","@graph":[{"@type":"WebPage","@id":"https:\/\/pyr-design.com\/fr\/","url":"https:\/\/pyr-design.com\/fr\/","name":"Page D'Accueil - Pierre-Yves Rochon","isPartOf":{"@id":"https:\/\/pyr-design.com\/en\/#website"},"datePublished":"2018-07-31T00:22:55+00:00","dateModified":"2025-06-13T15:08:45+00:00","description":"Le design PYR se distingue par la cr\u00e9ation d\u2019ambiances raffin\u00e9es et confortables, \u00e9l\u00e9gantes et chaudes, dans un esprit intemporel qui s\u2019int\u00e8grent \u00e0 la culture moderne en constante \u00e9volution.","breadcrumb":{"@id":"https:\/\/pyr-design.com\/fr\/#breadcrumb"},"inLanguage":"fr-FR","potentialAction":[{"@type":"ReadAction","target":["https:\/\/pyr-design.com\/fr\/"]}]},{"@type":"BreadcrumbList","@id":"https:\/\/pyr-design.com\/fr\/#breadcrumb","itemListElement":[{"@type":"ListItem","position":1,"name":"Home","item":"https:\/\/pyr-design.com\/fr\/"},{"@type":"ListItem","position":2,"name":"Page D&#8217;Accueil"}]},{"@type":"WebSite","@id":"https:\/\/pyr-design.com\/en\/#website","url":"https:\/\/pyr-design.com\/en\/","name":"Pierre-Yves Rochon","description":"","publisher":{"@id":"https:\/\/pyr-design.com\/en\/#organization"},"potentialAction":[{"@type":"SearchAction","target":{"@type":"EntryPoint","urlTemplate":"https:\/\/pyr-design.com\/en\/?s={search_term_string}"},"query-input":{"@type":"PropertyValueSpecification","valueRequired":true,"valueName":"search_term_string"}}],"inLanguage":"fr-FR"},{"@type":"Organization","@id":"https:\/\/pyr-design.com\/en\/#organization","name":"Pierre-Yves Rochon","url":"https:\/\/pyr-design.com\/en\/","logo":{"@type":"ImageObject","inLanguage":"fr-FR","@id":"https:\/\/pyr-design.com\/en\/#\/schema\/logo\/image\/","url":"https:\/\/staging.pyr-design.com\/wp-content\/uploads\/2018\/12\/Jade1.jpg","contentUrl":"https:\/\/staging.pyr-design.com\/wp-content\/uploads\/2018\/12\/Jade1.jpg","width":1000,"height":667,"caption":"Pierre-Yves Rochon"},"image":{"@id":"https:\/\/pyr-design.com\/en\/#\/schema\/logo\/image\/"},"sameAs":["https:\/\/www.facebook.com\/PYRdesignluxury\/","https:\/\/www.instagram.com\/pyrdesign\/","https:\/\/www.linkedin.com\/company\/pierre-yves-rochon\/"]}]}},"lang":"fr","_links":{"self":[{"href":"https:\/\/pyr-design.com\/fr\/wp-json\/wp\/v2\/pages\/582","targetHints":{"allow":["GET"]}}],"collection":[{"href":"https:\/\/pyr-design.com\/fr\/wp-json\/wp\/v2\/pages"}],"about":[{"href":"https:\/\/pyr-design.com\/fr\/wp-json\/wp\/v2\/types\/page"}],"author":[{"embeddable":true,"href":"https:\/\/pyr-design.com\/fr\/wp-json\/wp\/v2\/users\/1"}],"replies":[{"embeddable":true,"href":"https:\/\/pyr-design.com\/fr\/wp-json\/wp\/v2\/comments?post=582"}],"version-history":[{"count":0,"href":"https:\/\/pyr-design.com\/fr\/wp-json\/wp\/v2\/pages\/582\/revisions"}],"wp:attachment":[{"href":"https:\/\/pyr-design.com\/fr\/wp-json\/wp\/v2\/media?parent=582"}],"curies":[{"name":"wp","href":"https:\/\/api.w.org\/{rel}","templated":true}]}}