{"id":569,"date":"2018-08-28T03:07:34","date_gmt":"2018-08-28T03:07:34","guid":{"rendered":"http:\/\/localhost:8000\/?page_id=569"},"modified":"2023-06-09T06:18:22","modified_gmt":"2023-06-09T10:18:22","slug":"carrieres","status":"publish","type":"page","link":"https:\/\/pyr-design.com\/fr\/carrieres\/","title":{"rendered":"Carrieres"},"content":{"rendered":"","protected":false},"excerpt":{"rendered":"<p>PYR offre aux professionnels du design, aux architectes experts en technique ou en management ainsi qu\u2019\u00e0 des candidats au profil administratif, l\u2019opportunit\u00e9 de travailler sur des projets prestigieux.<\/p>\n","protected":false},"author":1,"featured_media":0,"parent":0,"menu_order":4,"comment_status":"closed","ping_status":"closed","template":"","meta":{"_acf_changed":false,"footnotes":""},"class_list":["post-569","page","type-page","status-publish","hentry"],"acf":{"body":[{"acf_fc_layout":"careers_template","opening_paragraph":"<p>PYR offre aux professionnels du design, aux architectes, experts techniques ou en management, ainsi qu\u2019\u00e0 des candidats au profil administratif, l\u2019opportunit\u00e9 de travailler sur des projets prestigieux \u00e0 travers le monde. Dans ses bureaux, PYR propose \u00e0 ses collaborateurs un environnement de travail convivial, ouvert et diversifi\u00e9. Des opportunit\u00e9s de formation et de d\u00e9veloppement professionnel, ainsi que de nombreux avantages (mutuelle, tickets restaurants), vous seront offerts.<\/p>\n","fineprint":"PYR souscrit au principe de l'\u00e9galit\u00e9 d'acc\u00e8s \u00e0 l'emploi.","image":"https:\/\/pyr-design.com\/wp-content\/uploads\/2018\/08\/careers-1.jpg","button_copy":"Consultez nos offres","jobs_link":"https:\/\/recruiting2.ultipro.com\/PER1007PWILL\/JobBoard\/61a66020-e0da-4f0f-9c57-c0b7db126abf\/?q=&o=postedDateDesc"}]},"yoast_head":"<!-- This site is optimized with the Yoast SEO plugin v26.8 - https:\/\/yoast.com\/product\/yoast-seo-wordpress\/ -->\n<title>Carrieres - Pierre-Yves Rochon<\/title>\n<meta name=\"description\" content=\"PYR offre aux professionnels du design, aux architectes experts en technique ou en management ainsi qu\u2019\u00e0 des candidats au profil administratif, l\u2019opportunit\u00e9 de travailler sur des projets prestigieux.\" \/>\n<meta name=\"robots\" content=\"index, follow, max-snippet:-1, max-image-preview:large, max-video-preview:-1\" \/>\n<link rel=\"canonical\" href=\"https:\/\/pyr-design.com\/fr\/carrieres\/\" \/>\n<meta property=\"og:locale\" content=\"fr_FR\" \/>\n<meta property=\"og:type\" content=\"article\" \/>\n<meta property=\"og:title\" content=\"Carrieres - Pierre-Yves Rochon\" \/>\n<meta property=\"og:description\" content=\"PYR offre aux professionnels du design, aux architectes experts en technique ou en management ainsi qu\u2019\u00e0 des candidats au profil administratif, l\u2019opportunit\u00e9 de travailler sur des projets prestigieux.\" \/>\n<meta property=\"og:url\" content=\"https:\/\/pyr-design.com\/fr\/carrieres\/\" \/>\n<meta property=\"og:site_name\" content=\"Pierre-Yves Rochon\" \/>\n<meta property=\"article:publisher\" content=\"https:\/\/www.facebook.com\/PYRdesignluxury\/\" \/>\n<meta property=\"article:modified_time\" content=\"2023-06-09T10:18:22+00:00\" \/>\n<meta name=\"twitter:card\" content=\"summary_large_image\" \/>\n<script type=\"application\/ld+json\" class=\"yoast-schema-graph\">{\"@context\":\"https:\/\/schema.org\",\"@graph\":[{\"@type\":\"WebPage\",\"@id\":\"https:\/\/pyr-design.com\/fr\/carrieres\/\",\"url\":\"https:\/\/pyr-design.com\/fr\/carrieres\/\",\"name\":\"Carrieres - Pierre-Yves Rochon\",\"isPartOf\":{\"@id\":\"https:\/\/pyr-design.com\/en\/#website\"},\"datePublished\":\"2018-08-28T03:07:34+00:00\",\"dateModified\":\"2023-06-09T10:18:22+00:00\",\"description\":\"PYR offre aux professionnels du design, aux architectes experts en technique ou en management ainsi qu\u2019\u00e0 des candidats au profil administratif, l\u2019opportunit\u00e9 de travailler sur des projets prestigieux.\",\"breadcrumb\":{\"@id\":\"https:\/\/pyr-design.com\/fr\/carrieres\/#breadcrumb\"},\"inLanguage\":\"fr-FR\",\"potentialAction\":[{\"@type\":\"ReadAction\",\"target\":[\"https:\/\/pyr-design.com\/fr\/carrieres\/\"]}]},{\"@type\":\"BreadcrumbList\",\"@id\":\"https:\/\/pyr-design.com\/fr\/carrieres\/#breadcrumb\",\"itemListElement\":[{\"@type\":\"ListItem\",\"position\":1,\"name\":\"Home\",\"item\":\"https:\/\/pyr-design.com\/fr\/\"},{\"@type\":\"ListItem\",\"position\":2,\"name\":\"Carrieres\"}]},{\"@type\":\"WebSite\",\"@id\":\"https:\/\/pyr-design.com\/en\/#website\",\"url\":\"https:\/\/pyr-design.com\/en\/\",\"name\":\"Pierre-Yves Rochon\",\"description\":\"\",\"publisher\":{\"@id\":\"https:\/\/pyr-design.com\/en\/#organization\"},\"potentialAction\":[{\"@type\":\"SearchAction\",\"target\":{\"@type\":\"EntryPoint\",\"urlTemplate\":\"https:\/\/pyr-design.com\/en\/?s={search_term_string}\"},\"query-input\":{\"@type\":\"PropertyValueSpecification\",\"valueRequired\":true,\"valueName\":\"search_term_string\"}}],\"inLanguage\":\"fr-FR\"},{\"@type\":\"Organization\",\"@id\":\"https:\/\/pyr-design.com\/en\/#organization\",\"name\":\"Pierre-Yves Rochon\",\"url\":\"https:\/\/pyr-design.com\/en\/\",\"logo\":{\"@type\":\"ImageObject\",\"inLanguage\":\"fr-FR\",\"@id\":\"https:\/\/pyr-design.com\/en\/#\/schema\/logo\/image\/\",\"url\":\"https:\/\/staging.pyr-design.com\/wp-content\/uploads\/2018\/12\/Jade1.jpg\",\"contentUrl\":\"https:\/\/staging.pyr-design.com\/wp-content\/uploads\/2018\/12\/Jade1.jpg\",\"width\":1000,\"height\":667,\"caption\":\"Pierre-Yves Rochon\"},\"image\":{\"@id\":\"https:\/\/pyr-design.com\/en\/#\/schema\/logo\/image\/\"},\"sameAs\":[\"https:\/\/www.facebook.com\/PYRdesignluxury\/\",\"https:\/\/www.instagram.com\/pyrdesign\/\",\"https:\/\/www.linkedin.com\/company\/pierre-yves-rochon\/\"]}]}<\/script>\n<!-- \/ Yoast SEO plugin. -->","yoast_head_json":{"title":"Carrieres - Pierre-Yves Rochon","description":"PYR offre aux professionnels du design, aux architectes experts en technique ou en management ainsi qu\u2019\u00e0 des candidats au profil administratif, l\u2019opportunit\u00e9 de travailler sur des projets prestigieux.","robots":{"index":"index","follow":"follow","max-snippet":"max-snippet:-1","max-image-preview":"max-image-preview:large","max-video-preview":"max-video-preview:-1"},"canonical":"https:\/\/pyr-design.com\/fr\/carrieres\/","og_locale":"fr_FR","og_type":"article","og_title":"Carrieres - Pierre-Yves Rochon","og_description":"PYR offre aux professionnels du design, aux architectes experts en technique ou en management ainsi qu\u2019\u00e0 des candidats au profil administratif, l\u2019opportunit\u00e9 de travailler sur des projets prestigieux.","og_url":"https:\/\/pyr-design.com\/fr\/carrieres\/","og_site_name":"Pierre-Yves Rochon","article_publisher":"https:\/\/www.facebook.com\/PYRdesignluxury\/","article_modified_time":"2023-06-09T10:18:22+00:00","twitter_card":"summary_large_image","schema":{"@context":"https:\/\/schema.org","@graph":[{"@type":"WebPage","@id":"https:\/\/pyr-design.com\/fr\/carrieres\/","url":"https:\/\/pyr-design.com\/fr\/carrieres\/","name":"Carrieres - Pierre-Yves Rochon","isPartOf":{"@id":"https:\/\/pyr-design.com\/en\/#website"},"datePublished":"2018-08-28T03:07:34+00:00","dateModified":"2023-06-09T10:18:22+00:00","description":"PYR offre aux professionnels du design, aux architectes experts en technique ou en management ainsi qu\u2019\u00e0 des candidats au profil administratif, l\u2019opportunit\u00e9 de travailler sur des projets prestigieux.","breadcrumb":{"@id":"https:\/\/pyr-design.com\/fr\/carrieres\/#breadcrumb"},"inLanguage":"fr-FR","potentialAction":[{"@type":"ReadAction","target":["https:\/\/pyr-design.com\/fr\/carrieres\/"]}]},{"@type":"BreadcrumbList","@id":"https:\/\/pyr-design.com\/fr\/carrieres\/#breadcrumb","itemListElement":[{"@type":"ListItem","position":1,"name":"Home","item":"https:\/\/pyr-design.com\/fr\/"},{"@type":"ListItem","position":2,"name":"Carrieres"}]},{"@type":"WebSite","@id":"https:\/\/pyr-design.com\/en\/#website","url":"https:\/\/pyr-design.com\/en\/","name":"Pierre-Yves Rochon","description":"","publisher":{"@id":"https:\/\/pyr-design.com\/en\/#organization"},"potentialAction":[{"@type":"SearchAction","target":{"@type":"EntryPoint","urlTemplate":"https:\/\/pyr-design.com\/en\/?s={search_term_string}"},"query-input":{"@type":"PropertyValueSpecification","valueRequired":true,"valueName":"search_term_string"}}],"inLanguage":"fr-FR"},{"@type":"Organization","@id":"https:\/\/pyr-design.com\/en\/#organization","name":"Pierre-Yves Rochon","url":"https:\/\/pyr-design.com\/en\/","logo":{"@type":"ImageObject","inLanguage":"fr-FR","@id":"https:\/\/pyr-design.com\/en\/#\/schema\/logo\/image\/","url":"https:\/\/staging.pyr-design.com\/wp-content\/uploads\/2018\/12\/Jade1.jpg","contentUrl":"https:\/\/staging.pyr-design.com\/wp-content\/uploads\/2018\/12\/Jade1.jpg","width":1000,"height":667,"caption":"Pierre-Yves Rochon"},"image":{"@id":"https:\/\/pyr-design.com\/en\/#\/schema\/logo\/image\/"},"sameAs":["https:\/\/www.facebook.com\/PYRdesignluxury\/","https:\/\/www.instagram.com\/pyrdesign\/","https:\/\/www.linkedin.com\/company\/pierre-yves-rochon\/"]}]}},"lang":"fr","_links":{"self":[{"href":"https:\/\/pyr-design.com\/fr\/wp-json\/wp\/v2\/pages\/569","targetHints":{"allow":["GET"]}}],"collection":[{"href":"https:\/\/pyr-design.com\/fr\/wp-json\/wp\/v2\/pages"}],"about":[{"href":"https:\/\/pyr-design.com\/fr\/wp-json\/wp\/v2\/types\/page"}],"author":[{"embeddable":true,"href":"https:\/\/pyr-design.com\/fr\/wp-json\/wp\/v2\/users\/1"}],"replies":[{"embeddable":true,"href":"https:\/\/pyr-design.com\/fr\/wp-json\/wp\/v2\/comments?post=569"}],"version-history":[{"count":0,"href":"https:\/\/pyr-design.com\/fr\/wp-json\/wp\/v2\/pages\/569\/revisions"}],"wp:attachment":[{"href":"https:\/\/pyr-design.com\/fr\/wp-json\/wp\/v2\/media?parent=569"}],"curies":[{"name":"wp","href":"https:\/\/api.w.org\/{rel}","templated":true}]}}