{"id":562,"date":"2018-08-28T02:49:51","date_gmt":"2018-08-28T02:49:51","guid":{"rendered":"http:\/\/localhost:8000\/?page_id=562"},"modified":"2026-03-17T05:06:22","modified_gmt":"2026-03-17T09:06:22","slug":"societe-pyr","status":"publish","type":"page","link":"https:\/\/pyr-design.com\/fr\/societe-pyr\/","title":{"rendered":"A Propos"},"content":{"rendered":"","protected":false},"excerpt":{"rendered":"<p>La soci\u00e9t\u00e9 Pierre-Yves Rochon, Inc (PYR) a \u00e9t\u00e9 fond\u00e9e en 1979 pour cr\u00e9er des solutions de design d&#8217;int\u00e9rieurs dans le domaine de l\u2019h\u00f4tellerie de luxe ou le secteur r\u00e9sidentiel. A travers son design, la soci\u00e9t\u00e9 vise \u00e0 enrichir chaque aspect de l&#8217;exp\u00e9rience client. Chaque espace unique est compos\u00e9 d&#8217;\u00e9l\u00e9ments provenant de l&#8217;emplacement, de la culture et de l&#8217;histoire de chaque propri\u00e9t\u00e9, subtilement int\u00e9gr\u00e9s dans l\u2019espace int\u00e9rieur.<\/p>\n","protected":false},"author":1,"featured_media":0,"parent":0,"menu_order":1,"comment_status":"closed","ping_status":"closed","template":"","meta":{"_acf_changed":false,"footnotes":""},"class_list":["post-562","page","type-page","status-publish","hentry"],"acf":{"body":[{"acf_fc_layout":"simple","content":"<style>\nh2 {<br \/>  margin-bottom: .9rem !important;<br \/>  font-size: 1.5rem;<br \/>  font-weight: 600;<br \/>}<br \/><\/style>\n<div class=\"row\">\n<div class=\"column\">\n<h2>L&#8217;Art de sublimer les espaces<\/h2>\n<p>Fond\u00e9e \u00e0 Paris en 1979, Pierre-Yves Rochon (PYR) est une r\u00e9f\u00e9rence mondiale dans la conception d\u2019int\u00e9rieurs d\u2019exception. Sp\u00e9cialis\u00e9e dans les domaines de l\u2019h\u00f4tellerie de luxe, de la restauration gastronomique et des r\u00e9sidences priv\u00e9es, l\u2019agence traduit avec \u00e9l\u00e9gance les r\u00eaves de ses clients en des espaces intemporels et uniques.<\/p>\n<h2>Signatures d&#8217;exception<\/h2>\n<p>PYR est \u00e0 l\u2019origine de projets prestigieux tels que le Four Seasons George V \u00e0 Paris, le Ritz-Carlton \u00e0 Rabat, et le Waldorf Astoria \u00e0 New York. L\u2019agence a \u00e9galement collabor\u00e9 avec des chefs iconiques comme Jo\u00ebl Robuchon et Alain Ducasse pour cr\u00e9er des espaces culinaires sur mesure. Son savoir-faire s\u2019\u00e9tend aux boutiques historiques, telles que la maison Boucheron et la boutique Chopard, Place Vend\u00f4me, ainsi qu\u2019\u00e0 des r\u00e9sidences exceptionnelles comme le Jade Signature \u00e0 Miami.<\/p>\n<h2>Une vision inspir\u00e9e<\/h2>\n<p>Chaque projet na\u00eet d\u2019une vision singuli\u00e8re, o\u00f9 le respect des lieux et l\u2019innovation s\u2019entrelacent harmonieusement. En s\u2019entourant des meilleurs artisans et artistes, PYR redonne vie \u00e0 l\u2019\u00e2me des espaces, mariant tradition et modernit\u00e9 pour offrir des cr\u00e9ations uniques et profond\u00e9ment humaines.<\/p>\n<h2>Au c\u0153ur d\u2019une aventure humaine et artistique<\/h2>\n<p>Depuis ses bureaux \u00e0 Paris et Chicago, PYR est dirig\u00e9e par Beno\u00eet Gelez. Sous la direction artistique de Claire Mabon et l\u2019impulsion op\u00e9rationnelle de Claire Bazile, les \u00e9quipes collaborent avec passion pour perp\u00e9tuer la vision d\u2019exception port\u00e9e par Pierre-Yves Rochon.<\/p>\n<h2>Une alliance entre h\u00e9ritage et modernit\u00e9<\/h2>\n<p>En int\u00e9grant le groupe Perkins &amp; Will, PYR s\u2019appuie sur une synergie unique pour conjuguer son expertise en architecture int\u00e9rieure avec une vision globale et contemporaine. Cette union renforce la capacit\u00e9 de l\u2019agence \u00e0 concevoir des lieux o\u00f9 l\u2019histoire rencontre l\u2019avenir.<\/p>\n<\/div>\n<div class=\"column\"><img decoding=\"async\" class=\"column-image\" src=\"https:\/\/pyr-design.com\/wp-content\/uploads\/2024\/12\/web-1.jpg\" alt=\"A decorative phase sits on a table\" \/><\/div>\n<\/div>\n"}]},"yoast_head":"<!-- This site is optimized with the Yoast SEO plugin v26.8 - https:\/\/yoast.com\/product\/yoast-seo-wordpress\/ -->\n<title>A Propos - Pierre-Yves Rochon<\/title>\n<meta name=\"description\" content=\"La soci\u00e9t\u00e9 Pierre-Yves Rochon, Inc (PYR) a \u00e9t\u00e9 fond\u00e9e en 1979 pour cr\u00e9er des solutions de design d&#039;int\u00e9rieurs dans le domaine de l\u2019h\u00f4tellerie de luxe ou le secteur r\u00e9sidentiel. A travers son design, la soci\u00e9t\u00e9 vise \u00e0 enrichir chaque aspect de l&#039;exp\u00e9rience client. Chaque espace unique est compos\u00e9 d&#039;\u00e9l\u00e9ments provenant de l&#039;emplacement, de la culture et de l&#039;histoire de chaque propri\u00e9t\u00e9, subtilement int\u00e9gr\u00e9s dans l\u2019espace int\u00e9rieur. Le design PYR se distingue par la cr\u00e9ation d\u2019ambiances raffin\u00e9es et confortables, \u00e9l\u00e9gantes et chaudes, dans un esprit intemporel qui s\u2019int\u00e8grent \u00e0 la culture moderne en constante \u00e9volution.\" \/>\n<meta name=\"robots\" content=\"index, follow, max-snippet:-1, max-image-preview:large, max-video-preview:-1\" \/>\n<link rel=\"canonical\" href=\"https:\/\/pyr-design.com\/fr\/societe-pyr\/\" \/>\n<meta property=\"og:locale\" content=\"fr_FR\" \/>\n<meta property=\"og:type\" content=\"article\" \/>\n<meta property=\"og:title\" content=\"A Propos - Pierre-Yves Rochon\" \/>\n<meta property=\"og:description\" content=\"La soci\u00e9t\u00e9 Pierre-Yves Rochon, Inc (PYR) a \u00e9t\u00e9 fond\u00e9e en 1979 pour cr\u00e9er des solutions de design d&#039;int\u00e9rieurs dans le domaine de l\u2019h\u00f4tellerie de luxe ou le secteur r\u00e9sidentiel. A travers son design, la soci\u00e9t\u00e9 vise \u00e0 enrichir chaque aspect de l&#039;exp\u00e9rience client. Chaque espace unique est compos\u00e9 d&#039;\u00e9l\u00e9ments provenant de l&#039;emplacement, de la culture et de l&#039;histoire de chaque propri\u00e9t\u00e9, subtilement int\u00e9gr\u00e9s dans l\u2019espace int\u00e9rieur. Le design PYR se distingue par la cr\u00e9ation d\u2019ambiances raffin\u00e9es et confortables, \u00e9l\u00e9gantes et chaudes, dans un esprit intemporel qui s\u2019int\u00e8grent \u00e0 la culture moderne en constante \u00e9volution.\" \/>\n<meta property=\"og:url\" content=\"https:\/\/pyr-design.com\/fr\/societe-pyr\/\" \/>\n<meta property=\"og:site_name\" content=\"Pierre-Yves Rochon\" \/>\n<meta property=\"article:publisher\" content=\"https:\/\/www.facebook.com\/PYRdesignluxury\/\" \/>\n<meta property=\"article:modified_time\" content=\"2026-03-17T09:06:22+00:00\" \/>\n<meta name=\"twitter:card\" content=\"summary_large_image\" \/>\n<script type=\"application\/ld+json\" class=\"yoast-schema-graph\">{\"@context\":\"https:\/\/schema.org\",\"@graph\":[{\"@type\":\"WebPage\",\"@id\":\"https:\/\/pyr-design.com\/fr\/societe-pyr\/\",\"url\":\"https:\/\/pyr-design.com\/fr\/societe-pyr\/\",\"name\":\"A Propos - Pierre-Yves Rochon\",\"isPartOf\":{\"@id\":\"https:\/\/pyr-design.com\/en\/#website\"},\"datePublished\":\"2018-08-28T02:49:51+00:00\",\"dateModified\":\"2026-03-17T09:06:22+00:00\",\"description\":\"La soci\u00e9t\u00e9 Pierre-Yves Rochon, Inc (PYR) a \u00e9t\u00e9 fond\u00e9e en 1979 pour cr\u00e9er des solutions de design d'int\u00e9rieurs dans le domaine de l\u2019h\u00f4tellerie de luxe ou le secteur r\u00e9sidentiel. A travers son design, la soci\u00e9t\u00e9 vise \u00e0 enrichir chaque aspect de l'exp\u00e9rience client. Chaque espace unique est compos\u00e9 d'\u00e9l\u00e9ments provenant de l'emplacement, de la culture et de l'histoire de chaque propri\u00e9t\u00e9, subtilement int\u00e9gr\u00e9s dans l\u2019espace int\u00e9rieur. Le design PYR se distingue par la cr\u00e9ation d\u2019ambiances raffin\u00e9es et confortables, \u00e9l\u00e9gantes et chaudes, dans un esprit intemporel qui s\u2019int\u00e8grent \u00e0 la culture moderne en constante \u00e9volution.\",\"breadcrumb\":{\"@id\":\"https:\/\/pyr-design.com\/fr\/societe-pyr\/#breadcrumb\"},\"inLanguage\":\"fr-FR\",\"potentialAction\":[{\"@type\":\"ReadAction\",\"target\":[\"https:\/\/pyr-design.com\/fr\/societe-pyr\/\"]}]},{\"@type\":\"BreadcrumbList\",\"@id\":\"https:\/\/pyr-design.com\/fr\/societe-pyr\/#breadcrumb\",\"itemListElement\":[{\"@type\":\"ListItem\",\"position\":1,\"name\":\"Home\",\"item\":\"https:\/\/pyr-design.com\/fr\/\"},{\"@type\":\"ListItem\",\"position\":2,\"name\":\"A Propos\"}]},{\"@type\":\"WebSite\",\"@id\":\"https:\/\/pyr-design.com\/en\/#website\",\"url\":\"https:\/\/pyr-design.com\/en\/\",\"name\":\"Pierre-Yves Rochon\",\"description\":\"\",\"publisher\":{\"@id\":\"https:\/\/pyr-design.com\/en\/#organization\"},\"potentialAction\":[{\"@type\":\"SearchAction\",\"target\":{\"@type\":\"EntryPoint\",\"urlTemplate\":\"https:\/\/pyr-design.com\/en\/?s={search_term_string}\"},\"query-input\":{\"@type\":\"PropertyValueSpecification\",\"valueRequired\":true,\"valueName\":\"search_term_string\"}}],\"inLanguage\":\"fr-FR\"},{\"@type\":\"Organization\",\"@id\":\"https:\/\/pyr-design.com\/en\/#organization\",\"name\":\"Pierre-Yves Rochon\",\"url\":\"https:\/\/pyr-design.com\/en\/\",\"logo\":{\"@type\":\"ImageObject\",\"inLanguage\":\"fr-FR\",\"@id\":\"https:\/\/pyr-design.com\/en\/#\/schema\/logo\/image\/\",\"url\":\"https:\/\/staging.pyr-design.com\/wp-content\/uploads\/2018\/12\/Jade1.jpg\",\"contentUrl\":\"https:\/\/staging.pyr-design.com\/wp-content\/uploads\/2018\/12\/Jade1.jpg\",\"width\":1000,\"height\":667,\"caption\":\"Pierre-Yves Rochon\"},\"image\":{\"@id\":\"https:\/\/pyr-design.com\/en\/#\/schema\/logo\/image\/\"},\"sameAs\":[\"https:\/\/www.facebook.com\/PYRdesignluxury\/\",\"https:\/\/www.instagram.com\/pyrdesign\/\",\"https:\/\/www.linkedin.com\/company\/pierre-yves-rochon\/\"]}]}<\/script>\n<!-- \/ Yoast SEO plugin. -->","yoast_head_json":{"title":"A Propos - Pierre-Yves Rochon","description":"La soci\u00e9t\u00e9 Pierre-Yves Rochon, Inc (PYR) a \u00e9t\u00e9 fond\u00e9e en 1979 pour cr\u00e9er des solutions de design d'int\u00e9rieurs dans le domaine de l\u2019h\u00f4tellerie de luxe ou le secteur r\u00e9sidentiel. A travers son design, la soci\u00e9t\u00e9 vise \u00e0 enrichir chaque aspect de l'exp\u00e9rience client. Chaque espace unique est compos\u00e9 d'\u00e9l\u00e9ments provenant de l'emplacement, de la culture et de l'histoire de chaque propri\u00e9t\u00e9, subtilement int\u00e9gr\u00e9s dans l\u2019espace int\u00e9rieur. Le design PYR se distingue par la cr\u00e9ation d\u2019ambiances raffin\u00e9es et confortables, \u00e9l\u00e9gantes et chaudes, dans un esprit intemporel qui s\u2019int\u00e8grent \u00e0 la culture moderne en constante \u00e9volution.","robots":{"index":"index","follow":"follow","max-snippet":"max-snippet:-1","max-image-preview":"max-image-preview:large","max-video-preview":"max-video-preview:-1"},"canonical":"https:\/\/pyr-design.com\/fr\/societe-pyr\/","og_locale":"fr_FR","og_type":"article","og_title":"A Propos - Pierre-Yves Rochon","og_description":"La soci\u00e9t\u00e9 Pierre-Yves Rochon, Inc (PYR) a \u00e9t\u00e9 fond\u00e9e en 1979 pour cr\u00e9er des solutions de design d'int\u00e9rieurs dans le domaine de l\u2019h\u00f4tellerie de luxe ou le secteur r\u00e9sidentiel. A travers son design, la soci\u00e9t\u00e9 vise \u00e0 enrichir chaque aspect de l'exp\u00e9rience client. Chaque espace unique est compos\u00e9 d'\u00e9l\u00e9ments provenant de l'emplacement, de la culture et de l'histoire de chaque propri\u00e9t\u00e9, subtilement int\u00e9gr\u00e9s dans l\u2019espace int\u00e9rieur. Le design PYR se distingue par la cr\u00e9ation d\u2019ambiances raffin\u00e9es et confortables, \u00e9l\u00e9gantes et chaudes, dans un esprit intemporel qui s\u2019int\u00e8grent \u00e0 la culture moderne en constante \u00e9volution.","og_url":"https:\/\/pyr-design.com\/fr\/societe-pyr\/","og_site_name":"Pierre-Yves Rochon","article_publisher":"https:\/\/www.facebook.com\/PYRdesignluxury\/","article_modified_time":"2026-03-17T09:06:22+00:00","twitter_card":"summary_large_image","schema":{"@context":"https:\/\/schema.org","@graph":[{"@type":"WebPage","@id":"https:\/\/pyr-design.com\/fr\/societe-pyr\/","url":"https:\/\/pyr-design.com\/fr\/societe-pyr\/","name":"A Propos - Pierre-Yves Rochon","isPartOf":{"@id":"https:\/\/pyr-design.com\/en\/#website"},"datePublished":"2018-08-28T02:49:51+00:00","dateModified":"2026-03-17T09:06:22+00:00","description":"La soci\u00e9t\u00e9 Pierre-Yves Rochon, Inc (PYR) a \u00e9t\u00e9 fond\u00e9e en 1979 pour cr\u00e9er des solutions de design d'int\u00e9rieurs dans le domaine de l\u2019h\u00f4tellerie de luxe ou le secteur r\u00e9sidentiel. A travers son design, la soci\u00e9t\u00e9 vise \u00e0 enrichir chaque aspect de l'exp\u00e9rience client. Chaque espace unique est compos\u00e9 d'\u00e9l\u00e9ments provenant de l'emplacement, de la culture et de l'histoire de chaque propri\u00e9t\u00e9, subtilement int\u00e9gr\u00e9s dans l\u2019espace int\u00e9rieur. Le design PYR se distingue par la cr\u00e9ation d\u2019ambiances raffin\u00e9es et confortables, \u00e9l\u00e9gantes et chaudes, dans un esprit intemporel qui s\u2019int\u00e8grent \u00e0 la culture moderne en constante \u00e9volution.","breadcrumb":{"@id":"https:\/\/pyr-design.com\/fr\/societe-pyr\/#breadcrumb"},"inLanguage":"fr-FR","potentialAction":[{"@type":"ReadAction","target":["https:\/\/pyr-design.com\/fr\/societe-pyr\/"]}]},{"@type":"BreadcrumbList","@id":"https:\/\/pyr-design.com\/fr\/societe-pyr\/#breadcrumb","itemListElement":[{"@type":"ListItem","position":1,"name":"Home","item":"https:\/\/pyr-design.com\/fr\/"},{"@type":"ListItem","position":2,"name":"A Propos"}]},{"@type":"WebSite","@id":"https:\/\/pyr-design.com\/en\/#website","url":"https:\/\/pyr-design.com\/en\/","name":"Pierre-Yves Rochon","description":"","publisher":{"@id":"https:\/\/pyr-design.com\/en\/#organization"},"potentialAction":[{"@type":"SearchAction","target":{"@type":"EntryPoint","urlTemplate":"https:\/\/pyr-design.com\/en\/?s={search_term_string}"},"query-input":{"@type":"PropertyValueSpecification","valueRequired":true,"valueName":"search_term_string"}}],"inLanguage":"fr-FR"},{"@type":"Organization","@id":"https:\/\/pyr-design.com\/en\/#organization","name":"Pierre-Yves Rochon","url":"https:\/\/pyr-design.com\/en\/","logo":{"@type":"ImageObject","inLanguage":"fr-FR","@id":"https:\/\/pyr-design.com\/en\/#\/schema\/logo\/image\/","url":"https:\/\/staging.pyr-design.com\/wp-content\/uploads\/2018\/12\/Jade1.jpg","contentUrl":"https:\/\/staging.pyr-design.com\/wp-content\/uploads\/2018\/12\/Jade1.jpg","width":1000,"height":667,"caption":"Pierre-Yves Rochon"},"image":{"@id":"https:\/\/pyr-design.com\/en\/#\/schema\/logo\/image\/"},"sameAs":["https:\/\/www.facebook.com\/PYRdesignluxury\/","https:\/\/www.instagram.com\/pyrdesign\/","https:\/\/www.linkedin.com\/company\/pierre-yves-rochon\/"]}]}},"lang":"fr","_links":{"self":[{"href":"https:\/\/pyr-design.com\/fr\/wp-json\/wp\/v2\/pages\/562","targetHints":{"allow":["GET"]}}],"collection":[{"href":"https:\/\/pyr-design.com\/fr\/wp-json\/wp\/v2\/pages"}],"about":[{"href":"https:\/\/pyr-design.com\/fr\/wp-json\/wp\/v2\/types\/page"}],"author":[{"embeddable":true,"href":"https:\/\/pyr-design.com\/fr\/wp-json\/wp\/v2\/users\/1"}],"replies":[{"embeddable":true,"href":"https:\/\/pyr-design.com\/fr\/wp-json\/wp\/v2\/comments?post=562"}],"version-history":[{"count":0,"href":"https:\/\/pyr-design.com\/fr\/wp-json\/wp\/v2\/pages\/562\/revisions"}],"wp:attachment":[{"href":"https:\/\/pyr-design.com\/fr\/wp-json\/wp\/v2\/media?parent=562"}],"curies":[{"name":"wp","href":"https:\/\/api.w.org\/{rel}","templated":true}]}}